{"id":857,"date":"2020-09-15T06:48:51","date_gmt":"2020-09-15T11:48:51","guid":{"rendered":"https:\/\/gutterjhostin.com\/services-2\/"},"modified":"2025-04-15T10:18:54","modified_gmt":"2025-04-15T15:18:54","slug":"services-2","status":"publish","type":"page","link":"https:\/\/gutterjhostin.com\/es\/services-2\/","title":{"rendered":"Reparaci\u00f3n de techo"},"content":{"rendered":"<div class=\"wp-block-uagb-container uagb-block-fe71931f alignfull uagb-is-root-container\"><div class=\"uagb-container__shape uagb-container__shape-bottom uagb-container__invert\" data-negative=\"false\"><svg xmlns=\"https:\/\/www.w3.org\/2000\/svg\" viewbox=\"0 0 937.5 120\" preserveaspectratio=\"none\"><path class=\"uagb-container__shape-fill\" d=\"M937.5,124.3V0H0v124.3C0,100.8,227.4,2.9,578.9,4.1C926.9,0.3,937.5,100.4,937.5,124.3z\"><\/path><\/svg><\/div><\/div>\n\n\n\n<div class=\"wp-block-uagb-container uagb-block-4a87feac alignfull uagb-is-root-container\"><div class=\"uagb-container-inner-blocks-wrap\">\n<div class=\"wp-block-uagb-advanced-heading uagb-block-92239a8e\"><h1 class=\"uagb-heading-text\">Reparaci\u00f3n de techo<\/h1><\/div>\n\n\n\n<div class=\"wp-block-uagb-advanced-heading uagb-block-cf92bcab\"><h4 class=\"uagb-heading-text\">Haz que tu techo sea impenetrable con nuestro servicio de reparaci\u00f3n! Nuestro equipo de expertos transformar\u00e1 cualquier problema en una soluci\u00f3n duradera y confiable. No arriesgues la seguridad de tu hogar o negocio, conf\u00eda en nosotros para proporcionarte un techo s\u00f3lido y protegido.<\/h4><div class=\"uagb-separator\"><\/div><\/div>\n\n\n\n<div class=\"wp-block-uagb-container uagb-block-d65a08d3\">\n<div class=\"wp-block-uagb-container uagb-block-c1588b44\">\n<div class=\"wp-block-uagb-info-box uagb-block-5408ebdb uagb-infobox__content-wrap  uagb-infobox-icon-above-title uagb-infobox-image-valign-top\"><div class=\"uagb-ifb-content\"><div class=\"uagb-ifb-image-content\"><img decoding=\"async\" src=\"https:\/\/gutterjhostin.com\/wp-content\/uploads\/2024\/06\/Diseno-sin-titulo-1-e1717526962769.png\" alt=\"\" width=\"1267\" height=\"931\" loading=\"lazy\"\/><\/div><div class=\"uagb-ifb-title-wrap\"><h5 class=\"uagb-ifb-title\"># 1<\/h5><\/div><\/div><\/div>\n<\/div>\n\n\n\n<div class=\"wp-block-uagb-container uagb-block-5a9a64ab\">\n<div class=\"wp-block-uagb-info-box uagb-block-e9864580 uagb-infobox__content-wrap  uagb-infobox-icon-above-title uagb-infobox-image-valign-top\"><div class=\"uagb-ifb-content\"><div class=\"uagb-ifb-image-content\"><img decoding=\"async\" src=\"https:\/\/gutterjhostin.com\/wp-content\/uploads\/2024\/04\/photo_2024-04-25_00-28-51.jpg\" alt=\"\" width=\"1280\" height=\"960\" loading=\"lazy\"\/><\/div><div class=\"uagb-ifb-title-wrap\"><h5 class=\"uagb-ifb-title\"># 2<\/h5><\/div><\/div><\/div>\n<\/div>\n<\/div>\n<\/div><\/div>\n\n\n\n<div class=\"wp-block-uagb-buttons uagb-buttons__outer-wrap uagb-btn__default-btn uagb-btn-tablet__default-btn uagb-btn-mobile__default-btn uagb-block-a794c8eb\"><div class=\"uagb-buttons__wrap uagb-buttons-layout-wrap\">\n<div class=\"wp-block-uagb-buttons-child uagb-buttons__outer-wrap uagb-block-0803cf52 wp-block-button\"><div class=\"uagb-button__wrapper\"><a class=\"uagb-buttons-repeater wp-block-button__link\" aria-label=\"\" href=\"https:\/\/gutterjhostin.com\/es\/contact\/\" rel=\"follow noopener\" target=\"_self\" role=\"button\"><div class=\"uagb-button__link\">CONTACTO<\/div><\/a><\/div><\/div>\n<\/div><\/div>","protected":false},"excerpt":{"rendered":"<p>Roof Repair Make your roof impenetrable with our repair service! Our team of experts will turn any problem into a lasting and reliable solution. Don&#8217;t risk the safety of your home or business, trust us to provide you with a solid and protected roof.<\/p>","protected":false},"author":1,"featured_media":0,"parent":0,"menu_order":0,"comment_status":"closed","ping_status":"closed","template":"","meta":{"_uag_custom_page_level_css":"","site-sidebar-layout":"no-sidebar","site-content-layout":"plain-container","ast-site-content-layout":"normal-width-container","site-content-style":"unboxed","site-sidebar-style":"unboxed","ast-global-header-display":"","ast-banner-title-visibility":"","ast-main-header-display":"","ast-hfb-above-header-display":"","ast-hfb-below-header-display":"","ast-hfb-mobile-header-display":"","site-post-title":"disabled","ast-breadcrumbs-content":"","ast-featured-img":"","footer-sml-layout":"","theme-transparent-header-meta":"enabled","adv-header-id-meta":"","stick-header-meta":"","header-above-stick-meta":"","header-main-stick-meta":"","header-below-stick-meta":"","astra-migrate-meta-layouts":"set","ast-page-background-enabled":"default","ast-page-background-meta":{"desktop":{"background-color":"","background-image":"","background-repeat":"repeat","background-position":"center center","background-size":"auto","background-attachment":"scroll","background-type":"","background-media":"","overlay-type":"","overlay-color":"","overlay-opacity":"","overlay-gradient":""},"tablet":{"background-color":"","background-image":"","background-repeat":"repeat","background-position":"center center","background-size":"auto","background-attachment":"scroll","background-type":"","background-media":"","overlay-type":"","overlay-color":"","overlay-opacity":"","overlay-gradient":""},"mobile":{"background-color":"","background-image":"","background-repeat":"repeat","background-position":"center center","background-size":"auto","background-attachment":"scroll","background-type":"","background-media":"","overlay-type":"","overlay-color":"","overlay-opacity":"","overlay-gradient":""}},"ast-content-background-meta":{"desktop":{"background-color":"var(--ast-global-color-5)","background-image":"","background-repeat":"repeat","background-position":"center center","background-size":"auto","background-attachment":"scroll","background-type":"","background-media":"","overlay-type":"","overlay-color":"","overlay-opacity":"","overlay-gradient":""},"tablet":{"background-color":"var(--ast-global-color-5)","background-image":"","background-repeat":"repeat","background-position":"center center","background-size":"auto","background-attachment":"scroll","background-type":"","background-media":"","overlay-type":"","overlay-color":"","overlay-opacity":"","overlay-gradient":""},"mobile":{"background-color":"var(--ast-global-color-5)","background-image":"","background-repeat":"repeat","background-position":"center center","background-size":"auto","background-attachment":"scroll","background-type":"","background-media":"","overlay-type":"","overlay-color":"","overlay-opacity":"","overlay-gradient":""}},"footnotes":""},"class_list":["post-857","page","type-page","status-publish","hentry"],"uagb_featured_image_src":{"full":false,"thumbnail":false,"medium":false,"medium_large":false,"large":false,"1536x1536":false,"2048x2048":false,"trp-custom-language-flag":false},"uagb_author_info":{"display_name":"gutter jhostin","author_link":"https:\/\/gutterjhostin.com\/es\/author\/gutterjos-com\/"},"uagb_comment_info":0,"uagb_excerpt":"Roof Repair Make your roof impenetrable with our repair service! Our team of experts will turn any problem into a lasting and reliable solution. Don&#8217;t risk the safety of your home or business, trust us to provide you with a solid and protected roof.","_links":{"self":[{"href":"https:\/\/gutterjhostin.com\/es\/wp-json\/wp\/v2\/pages\/857","targetHints":{"allow":["GET"]}}],"collection":[{"href":"https:\/\/gutterjhostin.com\/es\/wp-json\/wp\/v2\/pages"}],"about":[{"href":"https:\/\/gutterjhostin.com\/es\/wp-json\/wp\/v2\/types\/page"}],"author":[{"embeddable":true,"href":"https:\/\/gutterjhostin.com\/es\/wp-json\/wp\/v2\/users\/1"}],"replies":[{"embeddable":true,"href":"https:\/\/gutterjhostin.com\/es\/wp-json\/wp\/v2\/comments?post=857"}],"version-history":[{"count":13,"href":"https:\/\/gutterjhostin.com\/es\/wp-json\/wp\/v2\/pages\/857\/revisions"}],"predecessor-version":[{"id":1242,"href":"https:\/\/gutterjhostin.com\/es\/wp-json\/wp\/v2\/pages\/857\/revisions\/1242"}],"wp:attachment":[{"href":"https:\/\/gutterjhostin.com\/es\/wp-json\/wp\/v2\/media?parent=857"}],"curies":[{"name":"wp","href":"https:\/\/api.w.org\/{rel}","templated":true}]}}